{"id":4849,"date":"2023-03-21T15:03:06","date_gmt":"2023-03-21T14:03:06","guid":{"rendered":"https:\/\/www.domaine-des-tournels.com\/?post_type=product&#038;p=4849"},"modified":"2026-04-21T16:43:39","modified_gmt":"2026-04-21T14:43:39","slug":"cuvee-speciale-rose-2022","status":"publish","type":"product","link":"https:\/\/www.domaine-des-tournels.com\/en\/boutique\/cuvee-speciale-rose.html","title":{"rendered":"Tournels en Ros\u00e9 2025"},"content":{"rendered":"<p>[vc_row][vc_column][vc_tta_accordion shape=&#8221;square&#8221; color=&#8221;white&#8221; c_icon=&#8221;chevron&#8221; c_position=&#8221;right&#8221; active_section=&#8221;&#8221;][vc_tta_section i_type=&#8221;diwine&#8221; i_icon_diwine=&#8221;oic-diwine1-048-field&#8221; add_icon=&#8221;true&#8221; title=&#8221;Grape varieties&#8221; tab_id=&#8221;acrdn-001&#8243;][vc_column_text]Grenache, Tibouren, Cinsault, Carignan[\/vc_column_text][\/vc_tta_section][vc_tta_section i_type=&#8221;diwine&#8221; i_icon_diwine=&#8221;oic-diwine1-020-thermometer&#8221; add_icon=&#8221;true&#8221; title=&#8221;Serving temperature&#8221; tab_id=&#8221;accrdn-002&#8243;][vc_column_text]<\/p>\n<p>12\u00b0C-14\u00b0C<\/p>\n<p>[\/vc_column_text][\/vc_tta_section][vc_tta_section i_type=&#8221;diwine&#8221; i_icon_diwine=&#8221;oic-diwine1-015-wine-7&#8243; add_icon=&#8221;true&#8221; title=&#8221;Suggested food pairings&#8221; tab_id=&#8221;accrdn-003&#8243;][vc_column_text]A 3 tomato verrine with fresh basil (served in a small glass), grilled meats with herbs, fresh goat\u2019s cheese, red fruit desserts[\/vc_column_text][\/vc_tta_section][\/vc_tta_accordion][vc_btn title=&#8221;Continue purchasing&#8221; style=&#8221;classic&#8221; shape=&#8221;square&#8221; color=&#8221;black&#8221; link=&#8221;url:https%3A%2F%2Fdomaine-des-tournels.interaview.com%2Fboutique%2F|title:%3Cp%3EThe%20shop%3C%2Fp%3E|&#8221;][\/vc_btn][\/vc_column][\/vc_row]<\/p>\n","protected":false},"excerpt":{"rendered":"<div class=\"pb-center-column\">\n<div id=\"short_description_block\">\n<div id=\"short_description_content\" class=\"rte align_justify\">\n<p>Les Cuv\u00e9es \u00ab SPECIALE \u00bb sont nos cuv\u00e9es haut de gamme. Pr\u00e9sent\u00e9es dans l\u2019embl\u00e9matique bouteille cr\u00e9\u00e9 par la Famille BOLOGNA, elles sont issues des meilleures s\u00e9lections parcellaires. Il<a href=\"https:\/\/www.domaine-des-tournels.com\/wp-content\/uploads\/2023\/03\/92.png\"><img decoding=\"async\" class=\"wp-image-4852 alignright\" src=\"https:\/\/www.domaine-des-tournels.com\/wp-content\/uploads\/2023\/03\/92-300x300.png\" alt=\"\" width=\"198\" height=\"198\" srcset=\"https:\/\/www.domaine-des-tournels.com\/wp-content\/uploads\/2023\/03\/92-300x300.png 300w, https:\/\/www.domaine-des-tournels.com\/wp-content\/uploads\/2023\/03\/92-1024x1024.png 1024w, https:\/\/www.domaine-des-tournels.com\/wp-content\/uploads\/2023\/03\/92-150x150.png 150w, https:\/\/www.domaine-des-tournels.com\/wp-content\/uploads\/2023\/03\/92-768x768.png 768w, https:\/\/www.domaine-des-tournels.com\/wp-content\/uploads\/2023\/03\/92-720x720.png 720w, https:\/\/www.domaine-des-tournels.com\/wp-content\/uploads\/2023\/03\/92-1144x1144.png 1144w, https:\/\/www.domaine-des-tournels.com\/wp-content\/uploads\/2023\/03\/92-600x600.png 600w, https:\/\/www.domaine-des-tournels.com\/wp-content\/uploads\/2023\/03\/92-100x100.png 100w, https:\/\/www.domaine-des-tournels.com\/wp-content\/uploads\/2023\/03\/92.png 1181w\" sizes=\"(max-width: 198px) 100vw, 198px\" \/><\/a> en r\u00e9sulte des vins des plus qualitatifs avec de belles complexit\u00e9 ar\u00f4matiques, longueur et persistance en bouche.<\/p>\n<p>Assemblage Grenache, Cinsault, Rolle. Belle robe rose saumon\u00e9e p\u00e2le. Nez complexe et \u00e9l\u00e9gant de fleurs et de fruits frais (p\u00eache blanche), m\u00eal\u00e9 \u00e0 des ar\u00f4mes amyliques gourmands et \u00e0 de fines notes florales de jasmin. Attaque en bouche souple, suivie par une belle richesse qui aboutit sur une finale \u00e9pic\u00e9e poivr\u00e9e tr\u00e8s persistante.<\/p>\n<p>La Cuv\u00e9e Sp\u00e9ciale 2022 re\u00e7oit cette ann\u00e9e la note de 92\/100 par Andreas LARSSON, meilleur sommelier au monde.<\/p>\n<p>&nbsp;<\/p>\n<\/div>\n<\/div>\n<\/div>\n","protected":false},"featured_media":5523,"template":"","meta":{"_acf_changed":false,"_seopress_robots_primary_cat":"none","_seopress_titles_title":"Cuv\u00e9e Sp\u00e9ciale - Ros\u00e9 2021 - Domaine des Tournels","_seopress_titles_desc":"The Cuv\u00e9es \u201cSPECIALE\u201d range consists of our high-end cuv\u00e9es. Presented in the iconic bottle created by the BOLOGNA family, they come from the best select parcels. This results in the highest quality wines having the loveliest aromatic complexities, with a long and persistent finish. Blend of Grenache, Cinsault, Rolle Beautiful...","_seopress_robots_index":""},"product_brand":[],"product_cat":[99,110,102],"product_tag":[],"class_list":{"0":"post-4849","1":"product","2":"type-product","3":"status-publish","4":"has-post-thumbnail","6":"product_cat-cotes-de-provence-en","7":"product_cat-cuvee-speciale-en","8":"product_cat-the-roses","9":"has_thumb","10":null,"12":"first","13":"instock","14":"shipping-taxable","15":"purchasable","16":"product-type-variable","17":"has-default-attributes"},"acf":[],"_links":{"self":[{"href":"https:\/\/www.domaine-des-tournels.com\/en\/wp-json\/wp\/v2\/product\/4849","targetHints":{"allow":["GET"]}}],"collection":[{"href":"https:\/\/www.domaine-des-tournels.com\/en\/wp-json\/wp\/v2\/product"}],"about":[{"href":"https:\/\/www.domaine-des-tournels.com\/en\/wp-json\/wp\/v2\/types\/product"}],"wp:featuredmedia":[{"embeddable":true,"href":"https:\/\/www.domaine-des-tournels.com\/en\/wp-json\/wp\/v2\/media\/5523"}],"wp:attachment":[{"href":"https:\/\/www.domaine-des-tournels.com\/en\/wp-json\/wp\/v2\/media?parent=4849"}],"wp:term":[{"taxonomy":"product_brand","embeddable":true,"href":"https:\/\/www.domaine-des-tournels.com\/en\/wp-json\/wp\/v2\/product_brand?post=4849"},{"taxonomy":"product_cat","embeddable":true,"href":"https:\/\/www.domaine-des-tournels.com\/en\/wp-json\/wp\/v2\/product_cat?post=4849"},{"taxonomy":"product_tag","embeddable":true,"href":"https:\/\/www.domaine-des-tournels.com\/en\/wp-json\/wp\/v2\/product_tag?post=4849"}],"curies":[{"name":"wp","href":"https:\/\/api.w.org\/{rel}","templated":true}]}}