{"id":4695,"date":"2022-02-18T11:45:33","date_gmt":"2022-02-18T10:45:33","guid":{"rendered":"https:\/\/www.domaine-des-tournels.com\/boutique\/aop-cotes-de-provence-cuvee-speciale-rose\/"},"modified":"2023-10-20T09:47:07","modified_gmt":"2023-10-20T07:47:07","slug":"aop-cotes-de-provence-cuvee-speciale-rose","status":"publish","type":"product","link":"https:\/\/www.domaine-des-tournels.com\/en\/shop\/aop-cotes-de-provence-speciale-rose.html","title":{"rendered":"Cuv\u00e9e Sp\u00e9ciale &#8211; Ros\u00e9 2021"},"content":{"rendered":"<p>[vc_row][vc_column][vc_tta_accordion shape=&#8221;square&#8221; color=&#8221;white&#8221; c_icon=&#8221;chevron&#8221; c_position=&#8221;right&#8221; active_section=&#8221;&#8221;][vc_tta_section i_type=&#8221;diwine&#8221; i_icon_diwine=&#8221;oic-diwine1-048-field&#8221; add_icon=&#8221;true&#8221; title=&#8221;Grape varieties&#8221; tab_id=&#8221;acrdn-001&#8243;][vc_column_text]Grenache, Cinsault, Tibouren[\/vc_column_text][\/vc_tta_section][vc_tta_section i_type=&#8221;diwine&#8221; i_icon_diwine=&#8221;oic-diwine1-020-thermometer&#8221; add_icon=&#8221;true&#8221; title=&#8221;Serving temperature&#8221; tab_id=&#8221;accrdn-002&#8243;][vc_column_text]12\u00b0C-14\u00b0C[\/vc_column_text][\/vc_tta_section][vc_tta_section i_type=&#8221;diwine&#8221; i_icon_diwine=&#8221;oic-diwine1-015-wine-7&#8243; add_icon=&#8221;true&#8221; title=&#8221;Suggested food pairing&#8221; tab_id=&#8221;accrdn-003&#8243;][vc_column_text]A 3 tomato verrine with fresh basil (served in a small glass), grilled meats with herbs, fresh goat\u2019s cheese, red fruit desserts[\/vc_column_text][\/vc_tta_section][\/vc_tta_accordion][vc_btn title=&#8221;Continuer mes achats&#8221; style=&#8221;classic&#8221; shape=&#8221;square&#8221; color=&#8221;black&#8221; link=&#8221;url:https%3A%2F%2Fdomaine-des-tournels.interaview.com%2Fboutique%2F|title:La%20boutique&#8221;][\/vc_btn][\/vc_column][\/vc_row]<\/p>\n","protected":false},"excerpt":{"rendered":"<div class=\"pb-center-column\">\n<div id=\"short_description_block\">\n<div id=\"short_description_content\" class=\"rte align_justify\">\n<p>The Cuv\u00e9es \u201cSPECIALE\u201d range consists of our high-end cuv\u00e9es. Presented in the iconic bottle created by the BOLOGNA family, they come from the best select parcels. This results in the highest quality wines having the loveliest aromatic complexities, with a long and persistent finish.<\/p>\n<p>Blend of Grenache, Cinsault, Rolle Beautiful pale salmon-pink colour. A complex and elegant nose of flowers and fresh fruit (white peach), blends with gourmet amylic aromas and delicate floral notes of jasmine. Supple attack on the palate, followed by a lovely richness, ending with a highly persistent spiced pepper finish.<\/p>\n<\/div>\n<\/div>\n<\/div>\n","protected":false},"featured_media":3894,"template":"","meta":{"_acf_changed":false,"_seopress_robots_primary_cat":"none","_seopress_titles_title":"Cuv\u00e9e Sp\u00e9ciale - Ros\u00e9 2021 - Domaine des Tournels","_seopress_titles_desc":"The Cuv\u00e9es \u201cSPECIALE\u201d range consists of our high-end cuv\u00e9es. Presented in the iconic bottle created by the BOLOGNA family, they come from the best select parcels. This results in the highest quality wines having the loveliest aromatic complexities, with a long and persistent finish. Blend of Grenache, Cinsault, Rolle Beautiful...","_seopress_robots_index":""},"product_brand":[],"product_cat":[99,110,102],"product_tag":[],"class_list":{"0":"post-4695","1":"product","2":"type-product","3":"status-publish","4":"has-post-thumbnail","6":"product_cat-cotes-de-provence-en","7":"product_cat-cuvee-speciale-en","8":"product_cat-the-roses","9":"has_thumb","10":null,"12":"first","13":"outofstock","14":"shipping-taxable","15":"purchasable","16":"product-type-variable","17":"has-default-attributes"},"acf":[],"_links":{"self":[{"href":"https:\/\/www.domaine-des-tournels.com\/en\/wp-json\/wp\/v2\/product\/4695","targetHints":{"allow":["GET"]}}],"collection":[{"href":"https:\/\/www.domaine-des-tournels.com\/en\/wp-json\/wp\/v2\/product"}],"about":[{"href":"https:\/\/www.domaine-des-tournels.com\/en\/wp-json\/wp\/v2\/types\/product"}],"wp:featuredmedia":[{"embeddable":true,"href":"https:\/\/www.domaine-des-tournels.com\/en\/wp-json\/wp\/v2\/media\/3894"}],"wp:attachment":[{"href":"https:\/\/www.domaine-des-tournels.com\/en\/wp-json\/wp\/v2\/media?parent=4695"}],"wp:term":[{"taxonomy":"product_brand","embeddable":true,"href":"https:\/\/www.domaine-des-tournels.com\/en\/wp-json\/wp\/v2\/product_brand?post=4695"},{"taxonomy":"product_cat","embeddable":true,"href":"https:\/\/www.domaine-des-tournels.com\/en\/wp-json\/wp\/v2\/product_cat?post=4695"},{"taxonomy":"product_tag","embeddable":true,"href":"https:\/\/www.domaine-des-tournels.com\/en\/wp-json\/wp\/v2\/product_tag?post=4695"}],"curies":[{"name":"wp","href":"https:\/\/api.w.org\/{rel}","templated":true}]}}