{"id":4427,"date":"2022-02-18T11:08:26","date_gmt":"2022-02-18T10:08:26","guid":{"rendered":"https:\/\/www.domaine-des-tournels.com\/the-cuvees\/"},"modified":"2026-04-27T14:25:23","modified_gmt":"2026-04-27T12:25:23","slug":"the-cuvees","status":"publish","type":"page","link":"https:\/\/www.domaine-des-tournels.com\/en\/cuvees.html","title":{"rendered":"The Cuv\u00e9es"},"content":{"rendered":"<p>[vc_row full_width=&#8221;stretch_row&#8221; full_height=&#8221;yes&#8221; content_placement=&#8221;middle&#8221; bottom_arrow=&#8221;on&#8221; bottom_arrow_color=&#8221;#ffffff&#8221; css=&#8221;.vc_custom_1658161451679{background-image: url(https:\/\/www.domaine-des-tournels.com\/wp-content\/uploads\/2022\/07\/DOMAINE-DES-TOURNELS-PACKSHOT-03bis.jpg?id=4048) !important;background-position: center !important;background-repeat: no-repeat !important;background-size: cover !important;}&#8221;][vc_column][vc_column_text el_class=&#8221;white&#8221;]<\/p>\n<h1 style=\"text-align: center\">THE DOMAINE DES TOURNELS CUV\u00c9ES<\/h1>\n<p class=\"big\" style=\"text-align: center\">Popular coastal Provence wines<\/p>\n<p>[\/vc_column_text][\/vc_column][\/vc_row][vc_row el_class=&#8221;padding-top&#8221;][vc_column width=&#8221;1\/6&#8243;][\/vc_column][vc_column width=&#8221;5\/6&#8243;][vc_row_inner][vc_column_inner width=&#8221;5\/6&#8243;][vc_column_text]<\/p>\n<h4>Nestled between the Mediterranean Sea and the hills of the Var region, the Tournels wine estate boasts a terroir of sandy-loam (well-drained soil) and schist (dry and mineral): a rich combination that yields elegant, fruity, and refreshingly vibrant wines.<br \/>\nThe Mediterranean climate, warm in summer and mild in winter, with abundant sunshine and frequent winds, is also ideal for grape growing.<\/h4>\n<p>[\/vc_column_text][\/vc_column_inner][vc_column_inner width=&#8221;1\/6&#8243;][\/vc_column_inner][\/vc_row_inner][\/vc_column][\/vc_row][vc_row full_width=&#8221;stretch_row_content_no_spaces&#8221;][vc_column parallax=&#8221;content-moving&#8221; parallax_speed_bg=&#8221;1.3&#8243; css=&#8221;.vc_custom_1658162260305{background-image: url(https:\/\/s3-eu-west-1.amazonaws.com\/diwine\/uploads\/2019\/01\/empty_field.png?id=1172) !important;}&#8221;][vc_single_image image=&#8221;4041&#8243; img_size=&#8221;full&#8221;][\/vc_column][\/vc_row][vc_row][vc_column]<div id=\"ozy-call_to_action_slider-1\" class=\"\"><div class=\"tabbed_call_to_action-nav-wrapper\"><div class=\"carousel container tabbed_call_to_action-nav\" data-flickity='{\"contain\":true, \"pageDots\":false, \"prevNextButtons\": false, \"asNavFor\": \"#ozy-call_to_action_slider-1>.tabbed_call_to_action-bottom\"}'><div class=\"carousel-cell\"><span class=\"heading-font-family\">Marie-Nicole range<\/span><\/div><div class=\"carousel-cell\"><span class=\"heading-font-family\">Tournels range<\/span><\/div><div class=\"carousel-cell\"><span class=\"heading-font-family\">Rayne range<\/span><\/div><div class=\"carousel-cell\"><span class=\"heading-font-family\">Lou Pous range<\/span><\/div><div class=\"carousel-cell\"><span class=\"heading-font-family\">Haut des Tournels range<\/span><\/div><div class=\"carousel-cell\"><span class=\"heading-font-family\">Muscat range<\/span><\/div><div class=\"carousel-cell\"><span class=\"heading-font-family\">The boxes<\/span><\/div><\/div><\/div><div class=\"tabbed_call_to_action-bottom\"><div class=\"parent--el\">\t<div class=\"two--col\">\t\t<div class=\"is-item has--img\">\t\t\t<figure class=\"the-img\">\t\t\t\t<img decoding=\"async\" src=\"https:\/\/www.domaine-des-tournels.com\/wp-content\/uploads\/2022\/06\/Domaine-des-Tournels_cuvee_marie-nicole.jpg\" alt=\"AOP C\u00f4tes de Provence\">\t\t\t<\/figure>\t\t<\/div>\t\t<div class=\"is-item has--content\">\t\t\t<div class=\"is-item--inner\">\t\t\t\t<h2 class=\"content-color\"><span>Marie-Nicole<\/span><\/h2>\t\t\t\t<small class=\"content-color-alternate heading-font-family\"><span class=\"content-color\">AOP C\u00f4tes de Provence<\/span><\/small>\t\t\t\t<hr>\t\t\t\t<p><strong>The Tribute range<\/strong> &#8211; Les Tournels is a family story, that of the Bologna family. The Cuv\u00e9e Marie-Nicole is a tribute to Marie-Nicole, who celebrated her 100th birthday in 2024. She and her husband, Angelin, were instrumental in the construction of the Tournels wine estate in the 1930s.<\/p>\n<p><strong>The Ros\u00e9<\/strong> &#8211; The &#8220;Marie-Nicole Ros\u00e9&#8221; cuv\u00e9e reflects the Domaine&#8217;s expertise, as it is a ros\u00e9 partially vinified in oak barrels. A rare occurrence for a ros\u00e9, this aging process imparts subtle notes of vanilla and red fruit on the palate, with a hint of toasty oak.<\/p>\n<p><strong>The White<\/strong> &#8211; Since 2025, Marie-Nicole has been available as a white wine: a 100% Rolle varietal aged in oak barrels. Its beautiful aromatic complexity of spices and vanilla is every bit as impressive as its sister wine.<\/p>\n<p><strong>This elegant and bold range &#8211; whose limited edition bottles are numbered &#8211; is the ideal partner for special occasions or fine dining.<\/strong><\/p><a href=\"https:\/\/\/www.domaine-des-tournels.com\/en\/shop\/aop-cotes-de-provence-marie-nicole.html\" class=\"generic-button\">Shop<\/a>\t\t\t<\/div>\t\t<\/div>\t<\/div><\/div><div class=\"parent--el\">\t<div class=\"two--col\">\t\t<div class=\"is-item has--img\">\t\t\t<figure class=\"the-img\">\t\t\t\t<img decoding=\"async\" src=\"https:\/\/www.domaine-des-tournels.com\/wp-content\/uploads\/2025\/06\/tournels_cuvees.jpg\" alt=\"AOP C\u00f4tes de Provence\">\t\t\t<\/figure>\t\t<\/div>\t\t<div class=\"is-item has--content\">\t\t\t<div class=\"is-item--inner\">\t\t\t\t<h2 class=\"content-color\"><span>Tournels<\/span><\/h2>\t\t\t\t<small class=\"content-color-alternate heading-font-family\"><span class=\"content-color\">AOP C\u00f4tes de Provence<\/span><\/small>\t\t\t\t<hr>\t\t\t\t<p><strong>The signature range<\/strong> \u2013 &#8220;Tournels&#8221; is the Domaine&#8217;s flagship wine: a blend of finesse and elegance, presented in its iconic spiral bottle, created over 60 years ago by the Bologna family.<\/p>\n<p><strong>The ros\u00e9<\/strong> \u2013 A ros\u00e9 that beautifully showcases the typical grape varieties of Provence, and distinguishes itself by its balance and remarkable aromatic complexity. Awards are pouring in for the 2024 and 2025 vintages.<\/p>\n<p><strong>The white<\/strong> \u2013 Made entirely from Rolle, &#8220;Tournels en Blanc&#8221; boasts a lovely aromatic complexity that opens with notes of tropical fruit. A premium wine that pairs delicately with white meats and fish.<br \/>\nThe 2024 and 2025 vintages have received numerous awards.<\/p>\n<p><strong>A top-tier range that perfectly represents Domaine des Tournels and all the subtlety of the C\u00f4tes de Provence.<\/strong><\/p><a href=\"https:\/\/\/www.domaine-des-tournels.com\/en\/shop\/aop-cotes-de-provence-speciale-rouge.html\" class=\"generic-button\">Shop<\/a>\t\t\t<\/div>\t\t<\/div>\t<\/div><\/div><div class=\"parent--el\">\t<div class=\"two--col\">\t\t<div class=\"is-item has--img\">\t\t\t<figure class=\"the-img\">\t\t\t\t<img decoding=\"async\" src=\"https:\/\/www.domaine-des-tournels.com\/wp-content\/uploads\/2022\/03\/Domaine-des-Tournels_cuvees_rayne_rouge.jpg\" alt=\"AOP C\u00f4tes de Provence\">\t\t\t<\/figure>\t\t<\/div>\t\t<div class=\"is-item has--content\">\t\t\t<div class=\"is-item--inner\">\t\t\t\t<h2 class=\"content-color\"><span>Rayne<\/span><\/h2>\t\t\t\t<small class=\"content-color-alternate heading-font-family\"><span class=\"content-color\">AOP C\u00f4tes de Provence<\/span><\/small>\t\t\t\t<hr>\t\t\t\t<p><strong>The perfect wine for enjoyment<\/strong> \u2013 \u200b\u200bAvailable in ros\u00e9, white, and red, the &#8220;Rayne&#8221; range is a must-have.<br \/>\nIn white and ros\u00e9, it delights with its freshness and luscious palate, making it ideal as an aperitif or with everyday enjoyment. The red, with its vibrant attack, pleases lovers of fine meats and barbecues.<\/p>\n<p><strong>Convivial moments are shared like no other around a Rayne, a fresh and aromatic range.<\/strong><\/p><a href=\"https:\/\/www.domaine-des-tournels.com\/en\/shop\/aop-cotes-de-provence-rayne-rouge.html\" class=\"generic-button\">Shop<\/a>\t\t\t<\/div>\t\t<\/div>\t<\/div><\/div><div class=\"parent--el\">\t<div class=\"two--col\">\t\t<div class=\"is-item has--img\">\t\t\t<figure class=\"the-img\">\t\t\t\t<img decoding=\"async\" src=\"https:\/\/www.domaine-des-tournels.com\/wp-content\/uploads\/2025\/06\/lou-pous_cuvee.jpg\" alt=\"IGP Var\">\t\t\t<\/figure>\t\t<\/div>\t\t<div class=\"is-item has--content\">\t\t\t<div class=\"is-item--inner\">\t\t\t\t<h2 class=\"content-color\"><span>Lou Pous<\/span><\/h2>\t\t\t\t<small class=\"content-color-alternate heading-font-family\"><span class=\"content-color\">IGP Var<\/span><\/small>\t\t\t\t<hr>\t\t\t\t<p><strong>Beyond Provence<\/strong> \u2013 The Lou Pous range \u2013 meaning &#8220;the well&#8221; in Proven\u00e7al \u2013 is available in red, white, and ros\u00e9. Using flavorful grape varieties not commonly found in Provence \u2013 such as Muscat for the white and Merlot for the ros\u00e9 \u2013 Lou Pous wines are presented under the IGP Var designation.<\/p>\n<p><strong>The wines in this range are fresh, easy-drinking, and best enjoyed young. They are the perfect accompaniment to summer aperitifs and seasonal platters.<\/strong><\/p><a href=\"https:\/\/\/www.domaine-des-tournels.com\/en\/shop\/vin-de-pays-du-var-lou-pous-rouge.html\" class=\"generic-button\">Shop<\/a>\t\t\t<\/div>\t\t<\/div>\t<\/div><\/div><div class=\"parent--el\">\t<div class=\"two--col\">\t\t<div class=\"is-item has--img\">\t\t\t<figure class=\"the-img\">\t\t\t\t<img decoding=\"async\" src=\"https:\/\/www.domaine-des-tournels.com\/wp-content\/uploads\/2022\/03\/Domaine-des-Tournels_cuvees_haut_des_tournels.jpg\" alt=\"AOP C\u00f4tes de Provence\">\t\t\t<\/figure>\t\t<\/div>\t\t<div class=\"is-item has--content\">\t\t\t<div class=\"is-item--inner\">\t\t\t\t<h2 class=\"content-color\"><span>Haut des Tournels<\/span><\/h2>\t\t\t\t<small class=\"content-color-alternate heading-font-family\"><span class=\"content-color\">AOP C\u00f4tes de Provence<\/span><\/small>\t\t\t\t<hr>\t\t\t\t<p><strong>The prestige red<\/strong> \u2013 Partly aged in oak barrels, the &#8220;Hauts des Tournels&#8221; red is a powerful and elegant wine that showcases a distinctive grape variety widely grown in Provence: Syrah.<br \/>\n<span class=\"OYPEnA font-feature-liga-off font-feature-clig-off font-feature-calt-off text-decoration-none text-strikethrough-none\">Powerful and elegant, the palate opens with red fruit aromas, enhanced by a delicate touch of roasted aromas.<\/span><\/p>\n<p><strong>With its supple tannins, Les Hauts des Tournels is a wine for aging, best enjoyed with meats (duck breast, wild boar stew, etc.), aged cheeses, or dark chocolate and red fruit desserts.<\/strong><\/p><a href=\"https:\/\/\/www.domaine-des-tournels.com\/en\/shop\/aop-cotes-de-provence-hauts-des-tournels-rouge.html\" class=\"generic-button\">Shop<\/a>\t\t\t<\/div>\t\t<\/div>\t<\/div><\/div><div class=\"parent--el\">\t<div class=\"two--col\">\t\t<div class=\"is-item has--img\">\t\t\t<figure class=\"the-img\">\t\t\t\t<img decoding=\"async\" src=\"https:\/\/www.domaine-des-tournels.com\/wp-content\/uploads\/2022\/03\/Domaine-des-Tournels_cuvees_muscat.jpg\" alt=\"IGP Var\">\t\t\t<\/figure>\t\t<\/div>\t\t<div class=\"is-item has--content\">\t\t\t<div class=\"is-item--inner\">\t\t\t\t<h2 class=\"content-color\"><span>Muscat by L. Bologna<\/span><\/h2>\t\t\t\t<small class=\"content-color-alternate heading-font-family\"><span class=\"content-color\">IGP Var<\/span><\/small>\t\t\t\t<hr>\t\t\t\t<p><strong>The Original<\/strong> &#8211; This unique wine showcases the aromatic Muscat grape. Made from small-berried Muscat Blanc grapes, this elegant wine, with its lovely freshness and subtle sweetness, is the perfect accompaniment to aperitifs and desserts.<\/p>\n<p><strong>A full-bodied and smooth wine, slightly sweet, that highlights a rather rare grape variety in the Var region, cultivated on the Domaine: Muscat.<\/strong><\/p><a href=\"https:\/\/\/www.domaine-des-tournels.com\/en\/shop\/muscat.html\" class=\"generic-button\">Shop<\/a>\t\t\t<\/div>\t\t<\/div>\t<\/div><\/div><div class=\"parent--el\">\t<div class=\"two--col\">\t\t<div class=\"is-item has--img\">\t\t\t<figure class=\"the-img\">\t\t\t\t<img decoding=\"async\" src=\"https:\/\/www.domaine-des-tournels.com\/wp-content\/uploads\/2022\/03\/Domaine-des-Tournels_cuvees_bib.jpg\" alt=\"\">\t\t\t<\/figure>\t\t<\/div>\t\t<div class=\"is-item has--content\">\t\t\t<div class=\"is-item--inner\">\t\t\t\t<h2 class=\"content-color\"><span>Boxes ``BIBS``<\/span><\/h2>\t\t\t\t<small class=\"content-color-alternate heading-font-family\"><span class=\"content-color\"><\/span><\/small>\t\t\t\t<hr>\t\t\t\t<p><strong>C\u00f4tes de Provence AOP<\/strong><br \/>\nAvailable in 3 and 5-liter bottles, in two colors: Ros\u00e9 and Red. These are blended wines, featuring the estate&#8217;s main grape varieties (Grenache, Cinsault, Syrah, Tinbouren, Ugni Blanc), and are C\u00f4tes de Provence AOP wines.<\/p>\n<p><strong>IGP Var<\/strong><br \/>\nAvailable in 5 and 10-liter bottles, in White, Ros\u00e9, and Red. These are blended wines, featuring the estate&#8217;s main grape varieties: Grenache, Muscat, Merlot, and Ugni Blanc. These are Var IGP wines.<\/p><a href=\"https:\/\/\/www.domaine-des-tournels.com\/en\/shop.html\" class=\"generic-button\">Shop<\/a>\t\t\t<\/div>\t\t<\/div>\t<\/div><\/div><\/div><\/div>[\/vc_column][\/vc_row][vc_row css=&#8221;.vc_custom_1661870875177{margin-top: 0px !important;margin-bottom: 0px !important;}&#8221; el_class=&#8221;padding-top&#8221;][vc_column width=&#8221;1\/2&#8243;][vc_column_text css=&#8221;.vc_custom_1658239107648{margin-bottom: 0px !important;padding-bottom: 0px !important;}&#8221;]<\/p>\n<h5>The women and men<\/h5>\n<p>[\/vc_column_text][vc_column_text css=&#8221;.vc_custom_1658239151086{margin-bottom: 0px !important;padding-bottom: 24px !important;}&#8221;]<\/p>\n<h2>who make our wine<\/h2>\n<p>[\/vc_column_text][vc_column_text]<\/p>\n<h5>From vine cultivation to final blending in the cellar, and including sales to our partners, a passionate team is involved year-round in crafting our wines. This expertise has been passed down for four generations at Domaine des Tournels.<\/h5>\n<p>[\/vc_column_text]\r\n\t\t\t\t<div class=\"ozy-testimonial-quote group   left\" >\r\n\t\t\t\t\t\r\n\t\t\t\t\t<div class=\"ozy-quote-container \">\r\n\t\t\t\t\t\t<blockquote>\r\n\t\t\t\t\t\t\t<p class=\"heading-font-family\" >11 grape varieties are grown on the estate, with 85% of production focused on ros\u00e9, primarily under the C\u00f4tes de Provence appellation. Thanks to the hard work of our teams, we are proud to produce complex and aromatic wines that have received numerous awards in 2025. Other, more unique wines are also available to discover, such as &#8220;Chardonnay&#8221; and &#8220;Muscat by L. Bologna&#8221;.<\/p>\r\n\t\t\t\t\t\t<\/blockquote>  \r\n\t\t\t\t\t\t<cite><span>Pierre Pardini<\/span><br>\r\n\t\t\t\t\t\t\tVineyard Manager\r\n\t\t\t\t\t\t\t<br>Domaine des Tournels\r\n\t\t\t\t\t\t<\/cite>\r\n\t\t\t\t\t<\/div>\r\n\t\t\t\t\t\r\n\t\t\t\t<\/div>[\/vc_column][vc_column width=&#8221;1\/2&#8243;][vc_single_image image=&#8221;5315&#8243; img_size=&#8221;600&#215;600&#8243; alignment=&#8221;center&#8221; parallax_ratio=&#8221;1.0&#8243;][\/vc_column][\/vc_row][vc_row full_width=&#8221;stretch_row&#8221; full_height=&#8221;yes&#8221; css=&#8221;.vc_custom_1658169013131{background-position: center !important;background-repeat: no-repeat !important;background-size: cover !important;}&#8221;][vc_column][vc_gallery type=&#8221;flexslider_slide&#8221; interval=&#8221;3&#8243; images=&#8221;4029,4025,4033,4035,5311&#8243; img_size=&#8221;960&#215;600&#8243; onclick=&#8221;&#8221;][\/vc_column][\/vc_row][vc_row full_width=&#8221;stretch_row_content_no_spaces&#8221; content_placement=&#8221;middle&#8221;][vc_column width=&#8221;2\/3&#8243;][vc_single_image image=&#8221;4019&#8243; img_size=&#8221;1200&#215;800&#8243; parallax_ratio=&#8221;1.0&#8243; css=&#8221;.vc_custom_1658162176462{margin-top: 0px !important;margin-right: 0px !important;margin-bottom: 0px !important;margin-left: 0px !important;padding-top: 0px !important;padding-right: 0px !important;padding-bottom: 0px !important;padding-left: 0px !important;}&#8221;][\/vc_column][vc_column width=&#8221;1\/3&#8243;][vc_row_inner css=&#8221;.vc_custom_1655190635167{padding-right: 10% !important;padding-left: 6% !important;}&#8221; el_class=&#8221;mobile-top&#8221;][vc_column_inner][vc_custom_heading text=&#8221;The renowned and rewarded ros\u00e9 wines!&#8221; font_container=&#8221;tag:h2|text_align:left|color:%23ffffff&#8221; use_theme_fonts=&#8221;yes&#8221; css=&#8221;.vc_custom_1645179363691{margin-bottom: 0px !important;padding-bottom: 0px !important;}&#8221;][vc_custom_heading text=&#8221;The \u201cSp\u00e9ciale&#8220; and \u201cRayne&#8220; cuv\u00e9es of our C\u00f4tes de Provence ranges have received gold medals on several occasions. Owing to their unique fruity flavours, obtained from the Grenache, Cinsault and Tibouren grape varieties, our various ros\u00e9s are defined as remarkable and authentic wines.&#8221; font_container=&#8221;tag:h4|text_align:left|color:%23ffffff&#8221; use_theme_fonts=&#8221;yes&#8221; css=&#8221;.vc_custom_1661866168601{margin-top: 20px !important;}&#8221;][\/vc_column_inner][\/vc_row_inner][\/vc_column][\/vc_row][vc_row css=&#8221;.vc_custom_1547153476043{margin-top: 0px !important;padding-top: 0px !important;}&#8221; el_class=&#8221;overflow-visible&#8221;][vc_column width=&#8221;1\/4&#8243;][\/vc_column][vc_column width=&#8221;1\/4&#8243;][\/vc_column][vc_column width=&#8221;1\/4&#8243; css=&#8221;.vc_custom_1658220510925{background-position: center !important;background-repeat: no-repeat !important;background-size: contain !important;}&#8221;][\/vc_column][vc_column width=&#8221;1\/4&#8243; css=&#8221;.vc_custom_1658220868219{background-image: url(https:\/\/www.domaine-des-tournels.com\/wp-content\/uploads\/2019\/01\/engraved_grapes-min.png?id=1257) !important;background-position: center !important;background-repeat: no-repeat !important;background-size: contain !important;}&#8221;][vc_single_image image=&#8221;2766&#8243; img_size=&#8221;full&#8221;][\/vc_column][\/vc_row][vc_row full_width=&#8221;stretch_row&#8221; full_height=&#8221;yes&#8221; css=&#8221;.vc_custom_1658168418038{background-image: url(https:\/\/www.domaine-des-tournels.com\/wp-content\/uploads\/2022\/07\/DOMAINE-DES-TOURNELS-VIGNES-01-1.jpg?id=4067) !important;background-position: center !important;background-repeat: no-repeat !important;background-size: cover !important;}&#8221;][vc_column][\/vc_column][\/vc_row]<\/p>\n","protected":false},"excerpt":{"rendered":"<p>[vc_row full_width=&#8221;stretch_row&#8221; full_height=&#8221;yes&#8221; content_placement=&#8221;middle&#8221; bottom_arrow=&#8221;on&#8221; bottom_arrow_color=&#8221;#ffffff&#8221; css=&#8221;.vc_custom_1658161451679{background-image: url(https:\/\/www.domaine-des-tournels.com\/wp-content\/uploads\/2022\/07\/DOMAINE-DES-TOURNELS-PACKSHOT-03bis.jpg?id=4048) !important;background-position: center !important;background-repeat: no-repeat !important;background-size: cover !important;}&#8221;][vc_column][vc_column_text el_class=&#8221;white&#8221;] THE DOMAINE DES TOURNELS CUV\u00c9ES Popular coastal Provence wines [\/vc_column_text][\/vc_column][\/vc_row][vc_row el_class=&#8221;padding-top&#8221;][vc_column width=&#8221;1\/6&#8243;][\/vc_column][vc_column width=&#8221;5\/6&#8243;][vc_row_inner][vc_column_inner width=&#8221;5\/6&#8243;][vc_column_text] [&hellip;]<\/p>\n","protected":false},"author":1,"featured_media":0,"parent":0,"menu_order":-1,"comment_status":"closed","ping_status":"closed","template":"page-transparent-menu.php","meta":{"_acf_changed":false,"_seopress_robots_primary_cat":"","_seopress_titles_title":"The Domaine des Tournels cuv\u00e9es, exceptional Provence wines","_seopress_titles_desc":"The wines produced by the Domaine des Tournels vineyard make the most of an exceptional terroir (reflecting the effect of the climate, soils and terrain on the wines). This area has maximum sunshine all year round, and a multitude of grape varieties, with intense and fruity aromas.","_seopress_robots_index":"","footnotes":""},"class_list":{"0":"post-4427","1":"page","2":"type-page","3":"status-publish","5":null},"acf":[],"_links":{"self":[{"href":"https:\/\/www.domaine-des-tournels.com\/en\/wp-json\/wp\/v2\/pages\/4427","targetHints":{"allow":["GET"]}}],"collection":[{"href":"https:\/\/www.domaine-des-tournels.com\/en\/wp-json\/wp\/v2\/pages"}],"about":[{"href":"https:\/\/www.domaine-des-tournels.com\/en\/wp-json\/wp\/v2\/types\/page"}],"author":[{"embeddable":true,"href":"https:\/\/www.domaine-des-tournels.com\/en\/wp-json\/wp\/v2\/users\/1"}],"replies":[{"embeddable":true,"href":"https:\/\/www.domaine-des-tournels.com\/en\/wp-json\/wp\/v2\/comments?post=4427"}],"version-history":[{"count":28,"href":"https:\/\/www.domaine-des-tournels.com\/en\/wp-json\/wp\/v2\/pages\/4427\/revisions"}],"predecessor-version":[{"id":5535,"href":"https:\/\/www.domaine-des-tournels.com\/en\/wp-json\/wp\/v2\/pages\/4427\/revisions\/5535"}],"wp:attachment":[{"href":"https:\/\/www.domaine-des-tournels.com\/en\/wp-json\/wp\/v2\/media?parent=4427"}],"curies":[{"name":"wp","href":"https:\/\/api.w.org\/{rel}","templated":true}]}}